{"id":813,"date":"2024-05-15T12:31:48","date_gmt":"2024-05-15T10:31:48","guid":{"rendered":"https:\/\/mobifit.org\/?page_id=813"},"modified":"2026-04-12T10:19:38","modified_gmt":"2026-04-12T08:19:38","slug":"location-en-ligne","status":"publish","type":"page","link":"https:\/\/mobifit.org\/index.php\/location-en-ligne\/","title":{"rendered":"Location en ligne"},"content":{"rendered":"\t\t<div data-elementor-type=\"wp-page\" data-elementor-id=\"813\" class=\"elementor elementor-813\">\n\t\t\t\t\t\t<section class=\"elementor-section elementor-top-section elementor-element elementor-element-dc942a7 elementor-section-boxed elementor-section-height-default elementor-section-height-default\" data-id=\"dc942a7\" data-element_type=\"section\" data-e-type=\"section\">\n\t\t\t\t\t\t<div class=\"elementor-container elementor-column-gap-default\">\n\t\t\t\t\t<div class=\"elementor-column elementor-col-100 elementor-top-column elementor-element elementor-element-dd6d55c\" data-id=\"dd6d55c\" data-element_type=\"column\" data-e-type=\"column\">\n\t\t\t<div class=\"elementor-widget-wrap elementor-element-populated\">\n\t\t\t\t\t\t\t<\/div>\n\t\t<\/div>\n\t\t\t\t\t<\/div>\n\t\t<\/section>\n\t\t\t\t<section class=\"elementor-section elementor-top-section elementor-element elementor-element-6776266 elementor-section-boxed elementor-section-height-default elementor-section-height-default\" data-id=\"6776266\" data-element_type=\"section\" data-e-type=\"section\">\n\t\t\t\t\t\t<div class=\"elementor-container elementor-column-gap-default\">\n\t\t\t\t\t<div class=\"elementor-column elementor-col-100 elementor-top-column elementor-element elementor-element-dbeb571\" data-id=\"dbeb571\" data-element_type=\"column\" data-e-type=\"column\">\n\t\t\t<div class=\"elementor-widget-wrap elementor-element-populated\">\n\t\t\t\t\t\t<div class=\"elementor-element elementor-element-012743b elementor-widget elementor-widget-heading\" data-id=\"012743b\" data-element_type=\"widget\" data-e-type=\"widget\" data-widget_type=\"heading.default\">\n\t\t\t\t<div class=\"elementor-widget-container\">\n\t\t\t\t\t<h1 class=\"elementor-heading-title elementor-size-default\"><a href=\"https:\/\/mobifit.lokki.rent\/\">NOUVEAU : r\u00e9servez votre location de MobiFit<\/a><\/h1>\t\t\t\t<\/div>\n\t\t\t\t<\/div>\n\t\t\t\t<div class=\"elementor-element elementor-element-a2b1e48 elementor-widget elementor-widget-heading\" data-id=\"a2b1e48\" data-element_type=\"widget\" data-e-type=\"widget\" data-widget_type=\"heading.default\">\n\t\t\t\t<div class=\"elementor-widget-container\">\n\t\t\t\t\t<h1 class=\"elementor-heading-title elementor-size-default\"><a href=\"https:\/\/mobifit.lokki.rent\/\">Location en ligne depuis La Rochelle (17000) *<\/a><\/h1>\t\t\t\t<\/div>\n\t\t\t\t<\/div>\n\t\t\t\t<div class=\"elementor-element elementor-element-5525518 elementor-widget elementor-widget-image\" data-id=\"5525518\" data-element_type=\"widget\" data-e-type=\"widget\" data-widget_type=\"image.default\">\n\t\t\t\t<div class=\"elementor-widget-container\">\n\t\t\t\t\t\t\t\t\t\t\t\t\t\t\t\t<a href=\"https:\/\/mobifit.lokki.rent\/\">\n\t\t\t\t\t\t\t<img fetchpriority=\"high\" decoding=\"async\" width=\"1024\" height=\"443\" src=\"https:\/\/mobifit.org\/wp-content\/uploads\/2025\/04\/Location-LOKKI-1024x443.jpg\" class=\"attachment-large size-large wp-image-901\" alt=\"\" srcset=\"https:\/\/mobifit.org\/wp-content\/uploads\/2025\/04\/Location-LOKKI-1024x443.jpg 1024w, https:\/\/mobifit.org\/wp-content\/uploads\/2025\/04\/Location-LOKKI-300x130.jpg 300w, https:\/\/mobifit.org\/wp-content\/uploads\/2025\/04\/Location-LOKKI-768x332.jpg 768w, https:\/\/mobifit.org\/wp-content\/uploads\/2025\/04\/Location-LOKKI-1536x664.jpg 1536w, https:\/\/mobifit.org\/wp-content\/uploads\/2025\/04\/Location-LOKKI.jpg 1758w\" sizes=\"(max-width: 1024px) 100vw, 1024px\" \/>\t\t\t\t\t\t\t\t<\/a>\n\t\t\t\t\t\t\t\t\t\t\t\t\t\t\t<\/div>\n\t\t\t\t<\/div>\n\t\t\t\t<div class=\"elementor-element elementor-element-99fe3a6 elementor-widget elementor-widget-text-editor\" data-id=\"99fe3a6\" data-element_type=\"widget\" data-e-type=\"widget\" data-widget_type=\"text-editor.default\">\n\t\t\t\t<div class=\"elementor-widget-container\">\n\t\t\t\t\t\t\t\t\t<p>Nous vous proposons diff\u00e9rentes formules :<\/p><ul><li>Une balade d&rsquo;1\/2 heure ou d&rsquo;1 heure, <strong>avec l&rsquo;accompagnement d&rsquo;un Moniteur<\/strong>, pour vous s\u00e9curiser et vous garantir la prise en main compl\u00e8te du MobiFit,<\/li><li>Une <strong>location s\u00e8che<\/strong>, apr\u00e8s essai et prise en main de 2 minutes, ce qui suffit dans la tr\u00e8s grande majorit\u00e9 des cas,<\/li><li>Un <strong>circuit touristique avec picnic<\/strong>, si vous le souhaitez,<\/li><li><a href=\"https:\/\/mobifit.lokki.rent\/\">Possibilit\u00e9 de <strong>Livraison<\/strong> dans un rayon de 30 km autour de La Rochelle.<\/a><\/li><\/ul><p>Notre Si\u00e8ge Social se situe :<\/p><p><strong>\u00a0 \u00a0 \u00a0 \u00a0 \u00a0 12Q Rue des Ecoles<\/strong><br \/><strong>\u00a0\u00a0\u00a0\u00a0\u00a0\u00a0\u00a0\u00a0\u00a0 17220 St Rogatien<\/strong><br \/><strong><a href=\"https:\/\/ouibike.net\/module-reservation\/mobifit\/localisation\/\">\u00a0\u00a0\u00a0\u00a0\u00a0\u00a0\u00a0\u00a0\u00a0 <\/a>06 60 04 49 96<\/strong><br \/><strong><a href=\"https:\/\/mobifit.lokki.rent\/\">\u00a0\u00a0\u00a0\u00a0\u00a0\u00a0\u00a0\u00a0\u00a0 <\/a>hh@mobifit.org<\/strong><\/p>\t\t\t\t\t\t\t\t<\/div>\n\t\t\t\t<\/div>\n\t\t\t\t\t<\/div>\n\t\t<\/div>\n\t\t\t\t\t<\/div>\n\t\t<\/section>\n\t\t\t\t<section class=\"elementor-section elementor-top-section elementor-element elementor-element-9276da9 elementor-section-boxed elementor-section-height-default elementor-section-height-default\" data-id=\"9276da9\" data-element_type=\"section\" data-e-type=\"section\">\n\t\t\t\t\t\t<div class=\"elementor-container elementor-column-gap-default\">\n\t\t\t\t\t<div class=\"elementor-column elementor-col-100 elementor-top-column elementor-element elementor-element-d6c3bb5\" data-id=\"d6c3bb5\" data-element_type=\"column\" data-e-type=\"column\">\n\t\t\t<div class=\"elementor-widget-wrap\">\n\t\t\t\t\t\t\t<\/div>\n\t\t<\/div>\n\t\t\t\t\t<\/div>\n\t\t<\/section>\n\t\t\t\t<\/div>\n\t\t","protected":false},"excerpt":{"rendered":"<p>NOUVEAU : r\u00e9servez votre location de MobiFit Location en ligne depuis La Rochelle (17000) * Nous vous proposons diff\u00e9rentes formules : Une balade d&rsquo;1\/2 heure ou d&rsquo;1 heure, avec l&rsquo;accompagnement d&rsquo;un Moniteur, pour vous s\u00e9curiser et vous garantir la prise en main compl\u00e8te du MobiFit, Une location s\u00e8che, apr\u00e8s essai et prise en main de [&hellip;]<\/p>\n","protected":false},"author":1,"featured_media":0,"parent":0,"menu_order":0,"comment_status":"closed","ping_status":"closed","template":"","meta":{"_mi_skip_tracking":false,"footnotes":""},"class_list":["post-813","page","type-page","status-publish","hentry","entry"],"aioseo_notices":[],"_links":{"self":[{"href":"https:\/\/mobifit.org\/index.php\/wp-json\/wp\/v2\/pages\/813","targetHints":{"allow":["GET"]}}],"collection":[{"href":"https:\/\/mobifit.org\/index.php\/wp-json\/wp\/v2\/pages"}],"about":[{"href":"https:\/\/mobifit.org\/index.php\/wp-json\/wp\/v2\/types\/page"}],"author":[{"embeddable":true,"href":"https:\/\/mobifit.org\/index.php\/wp-json\/wp\/v2\/users\/1"}],"replies":[{"embeddable":true,"href":"https:\/\/mobifit.org\/index.php\/wp-json\/wp\/v2\/comments?post=813"}],"version-history":[{"count":70,"href":"https:\/\/mobifit.org\/index.php\/wp-json\/wp\/v2\/pages\/813\/revisions"}],"predecessor-version":[{"id":955,"href":"https:\/\/mobifit.org\/index.php\/wp-json\/wp\/v2\/pages\/813\/revisions\/955"}],"wp:attachment":[{"href":"https:\/\/mobifit.org\/index.php\/wp-json\/wp\/v2\/media?parent=813"}],"curies":[{"name":"wp","href":"https:\/\/api.w.org\/{rel}","templated":true}]}}